{"id":851,"date":"2024-10-31T14:17:00","date_gmt":"2024-10-31T12:17:00","guid":{"rendered":"https:\/\/sagun.fi\/?page_id=851"},"modified":"2024-10-31T14:17:00","modified_gmt":"2024-10-31T12:17:00","slug":"toimitusehdot","status":"publish","type":"page","link":"https:\/\/sagun.fi\/en\/toimitusehdot\/","title":{"rendered":"Toimitusehdot"},"content":{"rendered":"<p>Ravintola Sagun (Sagun Oy, Y-tunnus 2842978-1) myy tuotteita yrityksille ja yksityishenkil\u00f6ille Suomessa. N\u00e4m\u00e4 sopimusehdot soveltuvat tuotteiden tilaamiseen sagun.fi-verkkokaupassa.<\/p>\n<h3>Toimitusaika<\/h3>\n<p>Tilauksen toimitusaika m\u00e4\u00e4r\u00e4ytyy toimittavan ravintolan ilmoittamien toimitusaikojen mukaan. Arvioitu toimitusaika ilmoitetaan aina tilausta tehdess\u00e4.<\/p>\n<h3>Tilausvahvistus<\/h3>\n<p>Vastaanotettuamme tilauksenne l\u00e4het\u00e4mme teille tilausvahvistuksen s\u00e4hk\u00f6postitse, joka on hyv\u00e4 s\u00e4\u00e4st\u00e4\u00e4 siihen asti kunnes tilaus on saapunut. On ensiarvoisen t\u00e4rke\u00e4\u00e4, ett\u00e4 ilmoitetut yhteystiedot ovat oikein, jotta vahvistus tulee perille.<\/p>\n<h3 class=\"p1\">Maksupalvelutarjoaja<\/h3>\n<p class=\"p1\">Maksunv\u00e4lityspalvelun toteuttajana ja maksupalveluntarjoajana toimii Paytrail Oyj (2122839-7) yhteisty\u00f6ss\u00e4 suomalaisten pankkien ja luottolaitosten kanssa. Paytrail Oyj n\u00e4kyy maksun saajana tiliotteella tai korttilaskulla ja v\u00e4litt\u00e4\u00e4 maksun kauppiaalle. Paytrail Oyj:ll\u00e4 on maksulaitoksen toimilupa. Reklamaatiotapauksissa pyyd\u00e4mme ottamaan ensisijaisesti yhteytt\u00e4 tuotteen toimittajaan.<\/p>\n<p class=\"p1\">Paytrail Oyj, y-tunnus: 2122839-7<br \/>\nInnova 2<br \/>\nLutakonaukio 7<br \/>\n40100 Jyv\u00e4skyl\u00e4<br \/>\n<a href=\"https:\/\/www.paytrail.com\/kuluttaja\/tietoa-maksamisesta\" target=\"_blank\" rel=\"noopener noreferrer\">paytrail.com\/kuluttaja\/tietoa-maksamisesta<\/a><\/p>\n<h4>1. Verkkomaksu<\/h4>\n<p>Tilaukset maksetaan etuk\u00e4teen oman pankin maksuosiossa, johon palvelusta siirryt\u00e4\u00e4n automaattisesti ostoskorista, kun valittuna on verkkomaksu. T\u00e4m\u00e4n j\u00e4lkeen tilaus siirtyy valmistukseen. Palvelussa on kaikkien yleisimpien pankkien verkkomaksupainikkeet.<\/p>\n<h4>2. Maksu noudettaessa<\/h4>\n<p>Tilaukset maksetaan noudettaessa ravintolasta.<\/p>\n<h3>Asiakastietojen tallennus<\/h3>\n<p>Tilaajan tiedot tallennetaan Ravintola Sagunin asiakasrekisteriin, jossa olevia tietoja k\u00e4ytet\u00e4\u00e4n asiakassuhteen yll\u00e4pitoon. Asiakkaalla on oikeus pyyt\u00e4\u00e4 poistamaan omat tietonsa rekisterist\u00e4. Rekisterin tietoja k\u00e4ytet\u00e4\u00e4n asiakassuhteiden yll\u00e4pit\u00e4miseen. Lis\u00e4ksi Ravintola Sagunilla on oikeus k\u00e4sitell\u00e4 ja luovuttaa tietoja soveltuvan lains\u00e4\u00e4d\u00e4nn\u00f6n mukaisesti perusteltuja k\u00e4ytt\u00f6tarkoituksia varten.<\/p>\n<h3>Toimitus<\/h3>\n<p>Tilaus noudetaan ravintolasta Asiakkaan toimesta.<\/p>\n<p><strong>Peruutus<\/strong><\/p>\n<p>Take away -annoksia lukuunottamatta voit peruuttaa tilauksesi kuluttajasuojalain mukaisesti 14 vuorokauden kuluessa tilauksen vastaanottamisesta. Peruutusilmoitus tulee toimittaa s\u00e4hk\u00f6postiin ravintolasagun@gmail.com.<\/p>\n<p>Take away -annoksen tilauksen voit peruuttaa, mik\u00e4li ravintola ei ole viel\u00e4 aloittanut annoksesi valmistusta. Peruuta take away -tilaukset soittamalla ravintolaan p. <a href=\"tel:0449867908\"><span class=\"elementor-icon-list-text\">0449867908<\/span><\/a>.<\/p>\n<h3>Valmistaja<\/h3>\n<p>Tilatut tuotteet siirtyv\u00e4t valmistetaan Ravintolassa, josta Asiakas tilauksensa noutaa.<\/p>","protected":false},"excerpt":{"rendered":"<p>Ravintola Sagun (Sagun Oy, Y-tunnus 2842978-1) myy tuotteita yrityksille ja yksityishenkil\u00f6ille Suomessa. N\u00e4m\u00e4 sopimusehdot soveltuvat tuotteiden tilaamiseen sagun.fi-verkkokaupassa. Toimitusaika Tilauksen toimitusaika m\u00e4\u00e4r\u00e4ytyy toimittavan ravintolan ilmoittamien toimitusaikojen mukaan. Arvioitu toimitusaika ilmoitetaan aina tilausta tehdess\u00e4. Tilausvahvistus Vastaanotettuamme tilauksenne l\u00e4het\u00e4mme teille tilausvahvistuksen s\u00e4hk\u00f6postitse, joka on hyv\u00e4 s\u00e4\u00e4st\u00e4\u00e4 siihen asti kunnes tilaus on saapunut. On ensiarvoisen t\u00e4rke\u00e4\u00e4, ett\u00e4 ilmoitetut [&hellip;]<\/p>\n","protected":false},"author":2,"featured_media":0,"parent":0,"menu_order":0,"comment_status":"closed","ping_status":"closed","template":"","meta":{"_acf_changed":false,"footnotes":""},"class_list":["post-851","page","type-page","status-publish","hentry"],"acf":[],"_links":{"self":[{"href":"https:\/\/sagun.fi\/en\/wp-json\/wp\/v2\/pages\/851","targetHints":{"allow":["GET"]}}],"collection":[{"href":"https:\/\/sagun.fi\/en\/wp-json\/wp\/v2\/pages"}],"about":[{"href":"https:\/\/sagun.fi\/en\/wp-json\/wp\/v2\/types\/page"}],"author":[{"embeddable":true,"href":"https:\/\/sagun.fi\/en\/wp-json\/wp\/v2\/users\/2"}],"replies":[{"embeddable":true,"href":"https:\/\/sagun.fi\/en\/wp-json\/wp\/v2\/comments?post=851"}],"version-history":[{"count":0,"href":"https:\/\/sagun.fi\/en\/wp-json\/wp\/v2\/pages\/851\/revisions"}],"wp:attachment":[{"href":"https:\/\/sagun.fi\/en\/wp-json\/wp\/v2\/media?parent=851"}],"curies":[{"name":"wp","href":"https:\/\/api.w.org\/{rel}","templated":true}]}}