{"id":3,"date":"2024-08-26T15:49:42","date_gmt":"2024-08-26T12:49:42","guid":{"rendered":"https:\/\/sagun.fi\/?page_id=3"},"modified":"2024-10-31T14:23:11","modified_gmt":"2024-10-31T12:23:11","slug":"tietosuojaseloste","status":"publish","type":"page","link":"https:\/\/sagun.fi\/en\/tietosuojaseloste\/","title":{"rendered":"Tietosuojaseloste"},"content":{"rendered":"<p class=\"entry-title main_title\">Sagun Oy:n verkkosivustojen asiakasrekisterin tietosuojaseloste. Rekisterinpit\u00e4j\u00e4ll\u00e4 on tietosuoja-asetuksen mukaan velvollisuus informoida selke\u00e4ll\u00e4 tavalla rekister\u00f6ityj\u00e4. T\u00e4m\u00e4 seloste t\u00e4ytt\u00e4\u00e4 informointivelvoitteen.<\/p>\r\n<p>Tietosuojaseloste \u2013 Sagun Oy, 2842978-1.\u00a0<\/p>\r\n<div class=\"entry-content\">\r\n<p><strong>1. Rekisterinpit\u00e4j\u00e4<\/strong><\/p>\r\n<p>Sagun Oy<br \/>ravintolasagun@gmail.com<\/p>\r\n<p>Vuorikatu 24<br \/>15110 Lahti<\/p>\r\n<p>&nbsp;<\/p>\r\n<p><strong>2. Rekister\u00f6idyt<\/strong><\/p>\r\n<p>Rekisteriss\u00e4 ovat verkkokaupan sagun.fi kautta p\u00f6yt\u00e4varauksen varanneet tai ruokaa tilanneet Asiakkaat.<\/p>\r\n<p>&nbsp;<\/p>\r\n<p><strong>3. Rekisterin pit\u00e4misen peruste ja k\u00e4ytt\u00f6tarkoitus<\/strong><\/p>\r\n<p>Henkil\u00f6tietoja k\u00e4sitell\u00e4\u00e4n asiakassuhteen tai erillisen suostumuksen perusteella. Henkil\u00f6tietoja k\u00e4sitell\u00e4\u00e4n vain ennalta m\u00e4\u00e4riteltyihin tarkoituksiin, joita ovat asiakassuhteen hoitaminen ja palveluistamme kertominen.<\/p>\r\n<p>Rekisteri sis\u00e4lt\u00e4\u00e4 seuraavat tiedot:<\/p>\r\n<ul>\r\n<li>nimi<\/li>\r\n<li>osoite<\/li>\r\n<li>s\u00e4hk\u00f6postiosoite<\/li>\r\n<li>puhelinnumero<\/li>\r\n<\/ul>\r\n<h3 class=\"wp-block-heading\">\u00a0<\/h3>\r\n<p><strong>4. Rekister\u00f6idyn oikeudet<\/strong><\/p>\r\n<p>Rekister\u00f6idyll\u00e4 on seuraavat oikeudet, joiden k\u00e4ytt\u00e4mist\u00e4 koskevat pyynn\u00f6t tulee tehd\u00e4 kohdassa 1 annettuun osoitteeseen.<\/p>\r\n<ol>\r\n<li>Tarkistusoikeus \u2013 Rekister\u00f6ity voi tarkistaa tallentamamme henkil\u00f6tiedot l\u00e4hett\u00e4m\u00e4ll\u00e4 tarkistuspyynn\u00f6n kohdassa 1 annettuun osoitteeseen.<\/li>\r\n<li>Oikeus tietojen oikaisemiseen \u2013 Rekister\u00f6ity voi pyyt\u00e4\u00e4 oikaisemaan h\u00e4nt\u00e4 koskevat virheelliset tai puutteelliset tiedot.<\/li>\r\n<li>Vastustamisoikeus \u2013 Rekister\u00f6ity voi vastustaa henkil\u00f6tietojen k\u00e4sittely\u00e4, mik\u00e4li kokee, ett\u00e4 henkil\u00f6tietoja on k\u00e4sitelty lainvastaisesti.<\/li>\r\n<li>Suoramarkkinointikielto \u2013 Rekister\u00f6idyll\u00e4 on oikeus kielt\u00e4\u00e4 tietojen k\u00e4ytt\u00e4minen suoramarkkinointiin.<\/li>\r\n<li>Poisto-oikeus \u2013 Rekister\u00f6idyll\u00e4 on oikeus pyyt\u00e4\u00e4 tietojen poistamista, jos tietojen k\u00e4sittely ei ole tarpeen. K\u00e4sittelemme poistopyynn\u00f6n, jonka j\u00e4lkeen joko poistamme tiedot tai ilmoitamme perustellun syyn, miksi tietoja ei voida poistaa. On huomioitava, ett\u00e4 rekisterinpit\u00e4j\u00e4ll\u00e4 voi olla lakis\u00e4\u00e4teinen tai muu oikeus olla poistamatta pyydetty\u00e4 tietoa. Rekisterinpit\u00e4j\u00e4ll\u00e4 on velvollisuus s\u00e4ilytt\u00e4\u00e4 kirjanpitoaineisto Kirjanpitolaissa (luku 2, 10 \u00a7) m\u00e4\u00e4ritellyn ajan (10 vuotta) mukaisesti. T\u00e4m\u00e4n vuoksi kirjanpitoon liittyv\u00e4\u00e4 aineistoa ei voida poistaa ennen m\u00e4\u00e4r\u00e4ajan umpeutumista.<\/li>\r\n<li>Suostumuksen peruuttaminen Jos rekister\u00f6ity\u00e4 koskeva henkil\u00f6tietojen k\u00e4sittely perustuu ainoastaan suostumukseen, eik\u00e4 esim. asiakkuuteen tai j\u00e4senyyteen, voi rekister\u00f6ity peruuttaa suostumuksen.<\/li>\r\n<li>Rekister\u00f6ity voi valittaa p\u00e4\u00e4t\u00f6ksest\u00e4 tietosuojavaltuutetulle Rekister\u00f6idyll\u00e4 on oikeus vaatia, ett\u00e4 rajoitamme kiistanalaisten tietojen k\u00e4sittely\u00e4 siksi aikaa, kunnes asia saadaan ratkaistua.<\/li>\r\n<li>Valitusoikeus \u2013 Rekister\u00f6idyll\u00e4 on oikeus tehd\u00e4 valitus tietosuojavaltuutetulle, jos h\u00e4n kokee, ett\u00e4 rikomme henkil\u00f6tietoja k\u00e4sitelless\u00e4mme voimassa olevaa tietosuojalains\u00e4\u00e4d\u00e4nt\u00f6\u00e4. Tietosuojavaltuutetun yhteystiedot:\u00a0<a href=\"http:\/\/www.tietosuoja.fi\/fi\/index\/yhteystiedot.html\">www.tietosuoja.fi\/fi\/index\/yhteystiedot.html<\/a><\/li>\r\n<\/ol>\r\n<h3>\u00a0<\/h3>\r\n<p><strong>5. S\u00e4\u00e4nn\u00f6nmukaiset tietol\u00e4hteet<\/strong><\/p>\r\n<p>Henkil\u00f6tiedot saadaan s\u00e4\u00e4nn\u00f6nmukaisesti asiakkaalta itselt\u00e4\u00e4n t\u00e4m\u00e4n l\u00e4hett\u00e4ess\u00e4 yhteydenottolomakkeen tai verkkokauppatilauksen.<\/p>\r\n<h3>\u00a0<\/h3>\r\n<p><strong>6. S\u00e4\u00e4nn\u00f6nmukaiset tietojen luovutukset<\/strong><\/p>\r\n<p>Asiakasrekisterin tietoja ei p\u00e4\u00e4s\u00e4\u00e4nt\u00f6isesti luovuteta markkinointitarkoituksiin Ravintola Sagun Oy:n ulkopuolelle.<\/p>\r\n<h3>\u00a0<\/h3>\r\n<p><strong>7. K\u00e4sittelyn kesto<\/strong><\/p>\r\n<p>Henkil\u00f6tietoja k\u00e4sitell\u00e4\u00e4n p\u00e4\u00e4s\u00e4\u00e4nt\u00f6isesti niin kauan kuin asiakkuus on voimassa tai yhteydenottopyynt\u00f6 on k\u00e4sitelty.<\/p>\r\n<h3>\u00a0<\/h3>\r\n<p><strong>8. Henkil\u00f6tietojen k\u00e4sittelij\u00e4t<\/strong><\/p>\r\n<p>Henkil\u00f6tietoja k\u00e4sittelev\u00e4t vain rekisterinpit\u00e4j\u00e4 ja t\u00e4m\u00e4n ty\u00f6ntekij\u00e4t.<\/p>\r\n<h3>\u00a0<\/h3>\r\n<p><strong>9. Tietojen siirto EU:n ulkopuolelle<\/strong><\/p>\r\n<p>Rekisterin sis\u00e4lt\u00e4mi\u00e4 henkil\u00f6tietoja ei siirret\u00e4 EU:n tai Euroopan talousalueen ulkopuolelle.<\/p>\r\n<h3>\u00a0<\/h3>\r\n<p><strong>10. Automaattinen p\u00e4\u00e4t\u00f6ksenteko ja profilointi<\/strong><\/p>\r\n<p>Emme k\u00e4yt\u00e4 tietoja automaattiseen p\u00e4\u00e4t\u00f6ksentekoon tai profilointiin.<\/p>\r\n<\/div>","protected":false},"excerpt":{"rendered":"<p>Sagun Oy:n verkkosivustojen asiakasrekisterin tietosuojaseloste. Rekisterinpit\u00e4j\u00e4ll\u00e4 on tietosuoja-asetuksen mukaan velvollisuus informoida selke\u00e4ll\u00e4 tavalla rekister\u00f6ityj\u00e4. T\u00e4m\u00e4 seloste t\u00e4ytt\u00e4\u00e4 informointivelvoitteen. Tietosuojaseloste \u2013 Sagun Oy, 2842978-1.\u00a0 1. Rekisterinpit\u00e4j\u00e4 Sagun Oyravintolasagun@gmail.com Vuorikatu 2415110 Lahti &nbsp; 2. Rekister\u00f6idyt Rekisteriss\u00e4 ovat verkkokaupan sagun.fi kautta p\u00f6yt\u00e4varauksen varanneet tai ruokaa tilanneet Asiakkaat. &nbsp; 3. Rekisterin pit\u00e4misen peruste ja k\u00e4ytt\u00f6tarkoitus Henkil\u00f6tietoja k\u00e4sitell\u00e4\u00e4n asiakassuhteen tai [&hellip;]<\/p>\n","protected":false},"author":1,"featured_media":0,"parent":0,"menu_order":0,"comment_status":"closed","ping_status":"open","template":"","meta":{"_acf_changed":false,"footnotes":""},"class_list":["post-3","page","type-page","status-publish","hentry"],"acf":[],"_links":{"self":[{"href":"https:\/\/sagun.fi\/en\/wp-json\/wp\/v2\/pages\/3","targetHints":{"allow":["GET"]}}],"collection":[{"href":"https:\/\/sagun.fi\/en\/wp-json\/wp\/v2\/pages"}],"about":[{"href":"https:\/\/sagun.fi\/en\/wp-json\/wp\/v2\/types\/page"}],"author":[{"embeddable":true,"href":"https:\/\/sagun.fi\/en\/wp-json\/wp\/v2\/users\/1"}],"replies":[{"embeddable":true,"href":"https:\/\/sagun.fi\/en\/wp-json\/wp\/v2\/comments?post=3"}],"version-history":[{"count":0,"href":"https:\/\/sagun.fi\/en\/wp-json\/wp\/v2\/pages\/3\/revisions"}],"wp:attachment":[{"href":"https:\/\/sagun.fi\/en\/wp-json\/wp\/v2\/media?parent=3"}],"curies":[{"name":"wp","href":"https:\/\/api.w.org\/{rel}","templated":true}]}}